{"id":22325,"date":"2024-11-14T15:27:52","date_gmt":"2024-11-14T14:27:52","guid":{"rendered":"https:\/\/www.socialfootballsummit.com\/?page_id=22325"},"modified":"2026-04-07T16:14:52","modified_gmt":"2026-04-07T14:14:52","slug":"sostenibilita","status":"publish","type":"page","link":"https:\/\/www.socialfootballsummit.com\/it\/sostenibilita\/","title":{"rendered":"Sostenibilit\u00e0"},"content":{"rendered":"<div class=\"wpb-content-wrapper\"><p>[vc_row rtl_reverse=&#8221;yes&#8221; el_id=&#8221;duecolonne-home&#8221;][vc_column][vc_row_inner equal_height=&#8221;yes&#8221; rtl_reverse=&#8221;yes&#8221; simple_background_color=&#8221;#dddddd&#8221;][vc_column_inner width=&#8221;1\/2&#8243; css=&#8221;.vc_custom_1716816871662{padding-top: 150px !important;padding-right: 115px !important;padding-bottom: 150px !important;padding-left: 115px !important;background-color: #ffffff !important;}&#8221;]<div class=\"qodef-section-title-holder   qodef-st-title-left qodef-st-normal-space qodef-st-with-animation\" >\n\t<div class=\"qodef-st-inner\">\n\t\t\t\t\t\t\t<div class=\"qodef-st-title-wrapper\">\n\t\t\t\t<h2 class=\"qodef-st-title\" style=\"color: #352c82\">\n\t\t\t\t\tSFS25\t\t\t\t<\/h2>\n\t\t\t<\/div>\n\t\t\t\t\t<\/div>\n<\/div>[vc_empty_space height=&#8221;15px&#8221;][vc_column_text css=&#8221;.vc_custom_1763111682448{margin-top: 15px !important;}&#8221;]SFS \u00e8 un evento certificato sostenibile che promuove la sostenibilit\u00e0 con azioni mirate in diverse aree tematiche, tra cui Food &amp; Beverage, gestione dei rifiuti, logistica e mobilit\u00e0, efficienza energetica e idrica, comunicazione, acustica, sostenibilit\u00e0 sociale e governance.<\/p>\n<p>A sostegno della concreta attenzione alla sostenibilit\u00e0, l&#8217;evento ha ottenuto la certificazione EcoEvents e Legambiente.[\/vc_column_text][\/vc_column_inner][vc_column_inner width=&#8221;1\/2&#8243; css=&#8221;.vc_custom_1763051076795{background-image: url(https:\/\/www.socialfootballsummit.com\/wp-content\/uploads\/2025\/11\/News_sostenibilita.jpg?id=31503) !important;background-position: center !important;background-repeat: no-repeat !important;background-size: cover !important;}&#8221;][\/vc_column_inner][\/vc_row_inner][\/vc_column][\/vc_row][vc_row css=&#8221;.vc_custom_1731595216709{margin-top: 50px !important;padding-top: 50px !important;}&#8221; simple_background_color=&#8221;#f4f4f4&#8243;][vc_column][vc_row_inner row_content_width=&#8221;grid&#8221;][vc_column_inner]<div class=\"qodef-section-title-holder   qodef-st-title-left qodef-st-normal-space qodef-st-with-animation\" >\n\t<div class=\"qodef-st-inner\">\n\t\t\t\t\t\t\t<div class=\"qodef-st-title-wrapper\">\n\t\t\t\t<h2 class=\"qodef-st-title\" style=\"color: #352c82\">\n\t\t\t\t\tObiettivi Sostenibilit\u00e0 SFS25\t\t\t\t<\/h2>\n\t\t\t<\/div>\n\t\t\t\t\t<\/div>\n<\/div>[\/vc_column_inner][\/vc_row_inner][\/vc_column][\/vc_row][vc_row css=&#8221;.vc_custom_1717599419522{margin-top: 0px !important;padding-bottom: 50px !important;background-color: #f4f4f4 !important;}&#8221; simple_background_color=&#8221;#f4f4f4&#8243;][vc_column][vc_row_inner equal_height=&#8221;yes&#8221; gap=&#8221;35&#8243; row_content_width=&#8221;grid&#8221;][vc_column_inner el_class=&#8221;icon-manifesto&#8221; width=&#8221;1\/3&#8243; css=&#8221;.vc_custom_1716797679892{padding-top: 50px !important;padding-bottom: 50px !important;}&#8221;][vc_single_image image=&#8221;22434&#8243; img_size=&#8221;full&#8221; alignment=&#8221;center&#8221; css=&#8221;&#8221;]<div class=\"qodef-section-title-holder   qodef-st-title-left qodef-st-normal-space qodef-st-with-animation\" >\n\t<div class=\"qodef-st-inner\">\n\t\t\t\t\t\t\t<div class=\"qodef-st-title-wrapper\">\n\t\t\t\t<h3 class=\"qodef-st-title\" style=\"color: #352c82\">\n\t\t\t\t\tSMART MOBILITY\t\t\t\t<\/h3>\n\t\t\t<\/div>\n\t\t\t\t\t<\/div>\n<\/div>[vc_column_text css=&#8221;&#8221;]Convenzioni treno + hotel per partecipanti e speaker per ridurre impatto mobilit\u00e0.[\/vc_column_text][\/vc_column_inner][vc_column_inner el_class=&#8221;icon-manifesto&#8221; width=&#8221;1\/3&#8243; css=&#8221;.vc_custom_1716797685325{padding-top: 50px !important;padding-bottom: 50px !important;}&#8221;][vc_single_image image=&#8221;22432&#8243; img_size=&#8221;full&#8221; alignment=&#8221;center&#8221; css=&#8221;&#8221;]<div class=\"qodef-section-title-holder   qodef-st-title-left qodef-st-normal-space qodef-st-with-animation\" >\n\t<div class=\"qodef-st-inner\">\n\t\t\t\t\t\t\t<div class=\"qodef-st-title-wrapper\">\n\t\t\t\t<h3 class=\"qodef-st-title\" style=\"color: #352c82\">\n\t\t\t\t\tGOVERNANCE\t\t\t\t<\/h3>\n\t\t\t<\/div>\n\t\t\t\t\t<\/div>\n<\/div>[vc_column_text css=&#8221;&#8221;]Formazione sulla sostenibilit\u00e0 agli stakeholders dell\u2019evento.<\/p>\n<div class=\"yj6qo\"><\/div>\n<div class=\"adL\" dir=\"ltr\"><\/div>\n<p>[\/vc_column_text][\/vc_column_inner][vc_column_inner el_class=&#8221;icon-manifesto&#8221; width=&#8221;1\/3&#8243; css=&#8221;.vc_custom_1716797692365{padding-top: 50px !important;padding-bottom: 50px !important;}&#8221;][vc_single_image image=&#8221;22428&#8243; img_size=&#8221;full&#8221; alignment=&#8221;center&#8221; css=&#8221;&#8221;]<div class=\"qodef-section-title-holder   qodef-st-title-left qodef-st-normal-space qodef-st-with-animation\" >\n\t<div class=\"qodef-st-inner\">\n\t\t\t\t\t\t\t<div class=\"qodef-st-title-wrapper\">\n\t\t\t\t<h3 class=\"qodef-st-title\" style=\"color: #352c82\">\n\t\t\t\t\tCARBON FOOTPRINT MEN\u00d9\t\t\t\t<\/h3>\n\t\t\t<\/div>\n\t\t\t\t\t<\/div>\n<\/div>[vc_column_text css=&#8221;&#8221;]Calcolo della CO\u2082 di ogni pietanza per sensibilizzare i partecipanti sull\u2019impatto ambientale del men\u00f9.[\/vc_column_text][\/vc_column_inner][\/vc_row_inner][vc_row_inner equal_height=&#8221;yes&#8221; gap=&#8221;35&#8243; row_content_width=&#8221;grid&#8221;][vc_column_inner el_class=&#8221;icon-manifesto&#8221; width=&#8221;1\/3&#8243; css=&#8221;.vc_custom_1716797679892{padding-top: 50px !important;padding-bottom: 50px !important;}&#8221;][vc_single_image image=&#8221;22426&#8243; img_size=&#8221;full&#8221; alignment=&#8221;center&#8221; css=&#8221;&#8221;]<div class=\"qodef-section-title-holder   qodef-st-title-left qodef-st-normal-space qodef-st-with-animation\" >\n\t<div class=\"qodef-st-inner\">\n\t\t\t\t\t\t\t<div class=\"qodef-st-title-wrapper\">\n\t\t\t\t<h3 class=\"qodef-st-title\" style=\"color: #352c82\">\n\t\t\t\t\tCHARITY\t\t\t\t<\/h3>\n\t\t\t<\/div>\n\t\t\t\t\t<\/div>\n<\/div>[vc_column_text css=&#8221;&#8221;]Rapporto con i territori, attivit\u00e0 di charity.[\/vc_column_text][\/vc_column_inner][vc_column_inner el_class=&#8221;icon-manifesto&#8221; width=&#8221;1\/3&#8243; css=&#8221;.vc_custom_1716797685325{padding-top: 50px !important;padding-bottom: 50px !important;}&#8221;][vc_single_image image=&#8221;22430&#8243; img_size=&#8221;full&#8221; alignment=&#8221;center&#8221; css=&#8221;&#8221;]<div class=\"qodef-section-title-holder   qodef-st-title-left qodef-st-normal-space qodef-st-with-animation\" >\n\t<div class=\"qodef-st-inner\">\n\t\t\t\t\t\t\t<div class=\"qodef-st-title-wrapper\">\n\t\t\t\t<h3 class=\"qodef-st-title\" style=\"color: #352c82\">\n\t\t\t\t\tHEALTH &amp; WELLBEING\t\t\t\t<\/h3>\n\t\t\t<\/div>\n\t\t\t\t\t<\/div>\n<\/div>[vc_column_text css=&#8221;&#8221;]Men\u00f9 con fornitori locali e stagionali per ridurre l\u2019impatto CO\u2082.[\/vc_column_text][\/vc_column_inner][vc_column_inner el_class=&#8221;icon-manifesto&#8221; width=&#8221;1\/3&#8243; css=&#8221;.vc_custom_1716797692365{padding-top: 50px !important;padding-bottom: 50px !important;}&#8221;][\/vc_column_inner][\/vc_row_inner][\/vc_column][\/vc_row][vc_row background_image_fixed_position=&#8221;no&#8221; disable_background_image=&#8221;&#8221; simple_background_color=&#8221;#e9e9e9&#8243; css=&#8221;.vc_custom_1763051126208{padding-top: 75px !important;padding-bottom: 50px !important;background-position: center !important;background-repeat: no-repeat !important;background-size: cover !important;}&#8221; el_id=&#8221;join&#8221; simple_background_image=&#8221;26245&#8243;][vc_column][vc_row_inner rtl_reverse=&#8221;yes&#8221; row_content_width=&#8221;grid&#8221;][vc_column_inner width=&#8221;2\/3&#8243;]<div class=\"qodef-section-title-holder   qodef-st-title-left qodef-st-normal-space qodef-st-with-animation\" >\n\t<div class=\"qodef-st-inner\">\n\t\t\t\t\t\t\t<div class=\"qodef-st-title-wrapper\">\n\t\t\t\t<h2 class=\"qodef-st-title\" style=\"color: #ffffff\">\n\t\t\t\t\tLA FORESTA DI SFS\t\t\t\t<\/h2>\n\t\t\t<\/div>\n\t\t\t\t\t<\/div>\n<\/div>[vc_column_text css=&#8221;.vc_custom_1718099234435{margin-top: 30px !important;margin-bottom: 30px !important;}&#8221;]SFS ha creato una foresta di 300 alberi in collaborazione con Treedom.<\/p>\n<p>[\/vc_column_text][vc_btn title=&#8221;Scopri la nostra foresta&#8221; style=&#8221;outline&#8221; shape=&#8221;square&#8221; color=&#8221;white&#8221; align=&#8221;left&#8221; css=&#8221;.vc_custom_1763051195337{margin-top: 15px !important;}&#8221; link=&#8221;url:https%3A%2F%2Fwww.treedom.net%2Fit%2Forganization%2Fsocial-football-summit-2023%2Fevent%2Fsf23|target:_blank|&#8221;][\/vc_column_inner][vc_column_inner width=&#8221;1\/3&#8243;][\/vc_column_inner][\/vc_row_inner][\/vc_column][\/vc_row]<\/p>\n<\/div>","protected":false},"excerpt":{"rendered":"<p>[vc_row rtl_reverse=&#8221;yes&#8221; el_id=&#8221;duecolonne-home&#8221;][vc_column][vc_row_inner equal_height=&#8221;yes&#8221; rtl_reverse=&#8221;yes&#8221; simple_background_color=&#8221;#dddddd&#8221;][vc_column_inner width=&#8221;1\/2&#8243; css=&#8221;.vc_custom_1716816871662{padding-top: 150px !important;padding-right: 115px !important;padding-bottom: 150px !important;padding-left: 115px !important;background-color: #ffffff !important;}&#8221;][vc_empty_space height=&#8221;15px&#8221;][vc_column_text css=&#8221;.vc_custom_1763111682448{margin-top: 15px !important;}&#8221;]SFS \u00e8 un evento certificato sostenibile che promuove la sostenibilit\u00e0 con azioni mirate in diverse aree tematiche, tra cui Food &amp; Beverage, gestione dei rifiuti, logistica e mobilit\u00e0, efficienza energetica e idrica, comunicazione, acustica, sostenibilit\u00e0 sociale e governance. A sostegno della concreta attenzione alla sostenibilit\u00e0, l&#8217;evento ha ottenuto la certificazione EcoEvents e Legambiente.[\/vc_column_text][\/vc_column_inner][vc_column_inner width=&#8221;1\/2&#8243; css=&#8221;.vc_custom_1763051076795{background-image: url(https:\/\/www.socialfootballsummit.com\/wp-content\/uploads\/2025\/11\/News_sostenibilita.jpg?id=31503) !important;background-position: center !important;background-repeat: [&hellip;]<\/p>\n","protected":false},"author":1,"featured_media":0,"parent":0,"menu_order":0,"comment_status":"closed","ping_status":"closed","template":"full-width.php","meta":{"_acf_changed":false,"inline_featured_image":false,"footnotes":""},"coauthors":[779],"class_list":["post-22325","page","type-page","status-publish","hentry"],"acf":[],"yoast_head":"<!-- This site is optimized with the Yoast SEO plugin v24.4 - https:\/\/yoast.com\/wordpress\/plugins\/seo\/ -->\n<title>Sostenibilit\u00e0 - SFS<\/title>\n<meta name=\"description\" content=\"Unisciti al Social Football Summit, il principale evento B2B di calcio in Italia. Connettiti con i principali professionisti del settore e scopri intuizioni innovative dal 2018.\" \/>\n<meta name=\"robots\" content=\"index, follow, max-snippet:-1, max-image-preview:large, max-video-preview:-1\" \/>\n<link rel=\"canonical\" href=\"https:\/\/www.socialfootballsummit.com\/it\/sostenibilita\/\" \/>\n<meta property=\"og:locale\" content=\"it_IT\" \/>\n<meta property=\"og:type\" content=\"article\" \/>\n<meta property=\"og:title\" content=\"Sostenibilit\u00e0 - SFS\" \/>\n<meta property=\"og:description\" content=\"Unisciti al Social Football Summit, il principale evento B2B di calcio in Italia. Connettiti con i principali professionisti del settore e scopri intuizioni innovative dal 2018.\" \/>\n<meta property=\"og:url\" content=\"https:\/\/www.socialfootballsummit.com\/it\/sostenibilita\/\" \/>\n<meta property=\"og:site_name\" content=\"SFS\" \/>\n<meta property=\"article:publisher\" content=\"https:\/\/www.facebook.com\/sfsummit\" \/>\n<meta property=\"article:modified_time\" content=\"2026-04-07T14:14:52+00:00\" \/>\n<meta property=\"og:image\" content=\"https:\/\/www.socialfootballsummit.com\/wp-content\/uploads\/2024\/05\/full-time_singolo_2324-cover-1024x538.jpg\" \/>\n<meta name=\"twitter:card\" content=\"summary_large_image\" \/>\n<meta name=\"twitter:image\" content=\"https:\/\/www.socialfootballsummit.com\/wp-content\/uploads\/2024\/05\/full-time_singolo_2324-cover-1024x538.jpg\" \/>\n<meta name=\"twitter:label1\" content=\"Tempo di lettura stimato\" \/>\n\t<meta name=\"twitter:data1\" content=\"2 minuti\" \/>\n\t<meta name=\"twitter:label2\" content=\"Scritto da\" \/>\n\t<meta name=\"twitter:data2\" content=\"admin-passy\" \/>\n<script type=\"application\/ld+json\" class=\"yoast-schema-graph\">{\"@context\":\"https:\/\/schema.org\",\"@graph\":[{\"@type\":\"WebPage\",\"@id\":\"https:\/\/www.socialfootballsummit.com\/it\/sostenibilita\/\",\"url\":\"https:\/\/www.socialfootballsummit.com\/it\/sostenibilita\/\",\"name\":\"Sostenibilit\u00e0 - SFS\",\"isPartOf\":{\"@id\":\"https:\/\/www.socialfootballsummit.com\/it\/#website\"},\"datePublished\":\"2024-11-14T14:27:52+00:00\",\"dateModified\":\"2026-04-07T14:14:52+00:00\",\"description\":\"Unisciti al Social Football Summit, il principale evento B2B di calcio in Italia. Connettiti con i principali professionisti del settore e scopri intuizioni innovative dal 2018.\",\"breadcrumb\":{\"@id\":\"https:\/\/www.socialfootballsummit.com\/it\/sostenibilita\/#breadcrumb\"},\"inLanguage\":\"it-IT\",\"potentialAction\":[{\"@type\":\"ReadAction\",\"target\":[\"https:\/\/www.socialfootballsummit.com\/it\/sostenibilita\/\"]}]},{\"@type\":\"BreadcrumbList\",\"@id\":\"https:\/\/www.socialfootballsummit.com\/it\/sostenibilita\/#breadcrumb\",\"itemListElement\":[{\"@type\":\"ListItem\",\"position\":1,\"name\":\"Home\",\"item\":\"https:\/\/www.socialfootballsummit.com\/it\/\"},{\"@type\":\"ListItem\",\"position\":2,\"name\":\"Sostenibilit\u00e0\"}]},{\"@type\":\"WebSite\",\"@id\":\"https:\/\/www.socialfootballsummit.com\/it\/#website\",\"url\":\"https:\/\/www.socialfootballsummit.com\/it\/\",\"name\":\"SFS\",\"description\":\"\",\"publisher\":{\"@id\":\"https:\/\/www.socialfootballsummit.com\/it\/#organization\"},\"potentialAction\":[{\"@type\":\"SearchAction\",\"target\":{\"@type\":\"EntryPoint\",\"urlTemplate\":\"https:\/\/www.socialfootballsummit.com\/it\/?s={search_term_string}\"},\"query-input\":{\"@type\":\"PropertyValueSpecification\",\"valueRequired\":true,\"valueName\":\"search_term_string\"}}],\"inLanguage\":\"it-IT\"},{\"@type\":\"Organization\",\"@id\":\"https:\/\/www.socialfootballsummit.com\/it\/#organization\",\"name\":\"SFS\",\"url\":\"https:\/\/www.socialfootballsummit.com\/it\/\",\"logo\":{\"@type\":\"ImageObject\",\"inLanguage\":\"it-IT\",\"@id\":\"https:\/\/www.socialfootballsummit.com\/it\/#\/schema\/logo\/image\/\",\"url\":\"https:\/\/www.socialfootballsummit.com\/wp-content\/uploads\/2024\/06\/SFS-logo-696x696-1.jpg\",\"contentUrl\":\"https:\/\/www.socialfootballsummit.com\/wp-content\/uploads\/2024\/06\/SFS-logo-696x696-1.jpg\",\"width\":697,\"height\":696,\"caption\":\"SFS\"},\"image\":{\"@id\":\"https:\/\/www.socialfootballsummit.com\/it\/#\/schema\/logo\/image\/\"},\"sameAs\":[\"https:\/\/www.facebook.com\/sfsummit\",\"https:\/\/www.instagram.com\/social_football_summit\/\",\"https:\/\/www.youtube.com\/@socialfootballsummit\",\"https:\/\/www.linkedin.com\/showcase\/socialfootballsummit\/?originalSubdomain=it\"]}]}<\/script>\n<!-- \/ Yoast SEO plugin. -->","yoast_head_json":{"title":"Sostenibilit\u00e0 - SFS","description":"Unisciti al Social Football Summit, il principale evento B2B di calcio in Italia. Connettiti con i principali professionisti del settore e scopri intuizioni innovative dal 2018.","robots":{"index":"index","follow":"follow","max-snippet":"max-snippet:-1","max-image-preview":"max-image-preview:large","max-video-preview":"max-video-preview:-1"},"canonical":"https:\/\/www.socialfootballsummit.com\/it\/sostenibilita\/","og_locale":"it_IT","og_type":"article","og_title":"Sostenibilit\u00e0 - SFS","og_description":"Unisciti al Social Football Summit, il principale evento B2B di calcio in Italia. Connettiti con i principali professionisti del settore e scopri intuizioni innovative dal 2018.","og_url":"https:\/\/www.socialfootballsummit.com\/it\/sostenibilita\/","og_site_name":"SFS","article_publisher":"https:\/\/www.facebook.com\/sfsummit","article_modified_time":"2026-04-07T14:14:52+00:00","og_image":[{"url":"https:\/\/www.socialfootballsummit.com\/wp-content\/uploads\/2024\/05\/full-time_singolo_2324-cover-1024x538.jpg","type":"","width":"","height":""}],"twitter_card":"summary_large_image","twitter_image":"https:\/\/www.socialfootballsummit.com\/wp-content\/uploads\/2024\/05\/full-time_singolo_2324-cover-1024x538.jpg","twitter_misc":{"Tempo di lettura stimato":"2 minuti","Scritto da":"admin-passy"},"schema":{"@context":"https:\/\/schema.org","@graph":[{"@type":"WebPage","@id":"https:\/\/www.socialfootballsummit.com\/it\/sostenibilita\/","url":"https:\/\/www.socialfootballsummit.com\/it\/sostenibilita\/","name":"Sostenibilit\u00e0 - SFS","isPartOf":{"@id":"https:\/\/www.socialfootballsummit.com\/it\/#website"},"datePublished":"2024-11-14T14:27:52+00:00","dateModified":"2026-04-07T14:14:52+00:00","description":"Unisciti al Social Football Summit, il principale evento B2B di calcio in Italia. Connettiti con i principali professionisti del settore e scopri intuizioni innovative dal 2018.","breadcrumb":{"@id":"https:\/\/www.socialfootballsummit.com\/it\/sostenibilita\/#breadcrumb"},"inLanguage":"it-IT","potentialAction":[{"@type":"ReadAction","target":["https:\/\/www.socialfootballsummit.com\/it\/sostenibilita\/"]}]},{"@type":"BreadcrumbList","@id":"https:\/\/www.socialfootballsummit.com\/it\/sostenibilita\/#breadcrumb","itemListElement":[{"@type":"ListItem","position":1,"name":"Home","item":"https:\/\/www.socialfootballsummit.com\/it\/"},{"@type":"ListItem","position":2,"name":"Sostenibilit\u00e0"}]},{"@type":"WebSite","@id":"https:\/\/www.socialfootballsummit.com\/it\/#website","url":"https:\/\/www.socialfootballsummit.com\/it\/","name":"SFS","description":"","publisher":{"@id":"https:\/\/www.socialfootballsummit.com\/it\/#organization"},"potentialAction":[{"@type":"SearchAction","target":{"@type":"EntryPoint","urlTemplate":"https:\/\/www.socialfootballsummit.com\/it\/?s={search_term_string}"},"query-input":{"@type":"PropertyValueSpecification","valueRequired":true,"valueName":"search_term_string"}}],"inLanguage":"it-IT"},{"@type":"Organization","@id":"https:\/\/www.socialfootballsummit.com\/it\/#organization","name":"SFS","url":"https:\/\/www.socialfootballsummit.com\/it\/","logo":{"@type":"ImageObject","inLanguage":"it-IT","@id":"https:\/\/www.socialfootballsummit.com\/it\/#\/schema\/logo\/image\/","url":"https:\/\/www.socialfootballsummit.com\/wp-content\/uploads\/2024\/06\/SFS-logo-696x696-1.jpg","contentUrl":"https:\/\/www.socialfootballsummit.com\/wp-content\/uploads\/2024\/06\/SFS-logo-696x696-1.jpg","width":697,"height":696,"caption":"SFS"},"image":{"@id":"https:\/\/www.socialfootballsummit.com\/it\/#\/schema\/logo\/image\/"},"sameAs":["https:\/\/www.facebook.com\/sfsummit","https:\/\/www.instagram.com\/social_football_summit\/","https:\/\/www.youtube.com\/@socialfootballsummit","https:\/\/www.linkedin.com\/showcase\/socialfootballsummit\/?originalSubdomain=it"]}]}},"_links":{"self":[{"href":"https:\/\/www.socialfootballsummit.com\/it\/wp-json\/wp\/v2\/pages\/22325","targetHints":{"allow":["GET"]}}],"collection":[{"href":"https:\/\/www.socialfootballsummit.com\/it\/wp-json\/wp\/v2\/pages"}],"about":[{"href":"https:\/\/www.socialfootballsummit.com\/it\/wp-json\/wp\/v2\/types\/page"}],"author":[{"embeddable":true,"href":"https:\/\/www.socialfootballsummit.com\/it\/wp-json\/wp\/v2\/users\/1"}],"replies":[{"embeddable":true,"href":"https:\/\/www.socialfootballsummit.com\/it\/wp-json\/wp\/v2\/comments?post=22325"}],"version-history":[{"count":25,"href":"https:\/\/www.socialfootballsummit.com\/it\/wp-json\/wp\/v2\/pages\/22325\/revisions"}],"predecessor-version":[{"id":31545,"href":"https:\/\/www.socialfootballsummit.com\/it\/wp-json\/wp\/v2\/pages\/22325\/revisions\/31545"}],"wp:attachment":[{"href":"https:\/\/www.socialfootballsummit.com\/it\/wp-json\/wp\/v2\/media?parent=22325"}],"wp:term":[{"taxonomy":"author","embeddable":true,"href":"https:\/\/www.socialfootballsummit.com\/it\/wp-json\/wp\/v2\/coauthors?post=22325"}],"curies":[{"name":"wp","href":"https:\/\/api.w.org\/{rel}","templated":true}]}}